

{"id":77096,"date":"2022-12-22T13:56:34","date_gmt":"2022-12-22T11:56:34","guid":{"rendered":"https:\/\/formap.cat\/formap\/"},"modified":"2024-03-04T20:52:31","modified_gmt":"2024-03-04T18:52:31","slug":"formap","status":"publish","type":"page","link":"https:\/\/formap.cat\/es\/formap\/","title":{"rendered":"Formap"},"content":{"rendered":"\t\t<div data-elementor-type=\"wp-post\" data-elementor-id=\"77096\" class=\"elementor elementor-77096 elementor-2892\" data-elementor-post-type=\"page\">\n\t\t\t\t\t\t<section class=\"elementor-section elementor-top-section elementor-element elementor-element-b7a3d5c elementor-section-boxed elementor-section-height-default elementor-section-height-default\" data-id=\"b7a3d5c\" data-element_type=\"section\" data-settings=\"{&quot;background_background&quot;:&quot;classic&quot;}\">\n\t\t\t\t\t\t<div class=\"elementor-container elementor-column-gap-default\">\n\t\t\t\t\t<div class=\"elementor-column elementor-col-100 elementor-top-column elementor-element elementor-element-52a0f19\" data-id=\"52a0f19\" data-element_type=\"column\">\n\t\t\t<div class=\"elementor-widget-wrap elementor-element-populated\">\n\t\t\t\t\t\t<div class=\"elementor-element elementor-element-78a301a elementor-widget elementor-widget-video\" data-id=\"78a301a\" data-element_type=\"widget\" data-settings=\"{&quot;youtube_url&quot;:&quot;https:\\\/\\\/youtu.be\\\/gcW2IxT0mDc&quot;,&quot;video_type&quot;:&quot;youtube&quot;,&quot;controls&quot;:&quot;yes&quot;}\" data-widget_type=\"video.default\">\n\t\t\t\t<div class=\"elementor-widget-container\">\n\t\t\t\t\t\t\t<div class=\"elementor-wrapper elementor-open-inline\">\n\t\t\t<div class=\"elementor-video\"><\/div>\t\t<\/div>\n\t\t\t\t\t\t<\/div>\n\t\t\t\t<\/div>\n\t\t\t\t<div class=\"elementor-element elementor-element-37bd28d elementor-widget elementor-widget-text-editor\" data-id=\"37bd28d\" data-element_type=\"widget\" data-widget_type=\"text-editor.default\">\n\t\t\t\t<div class=\"elementor-widget-container\">\n\t\t\t\t\t\t\t\t\t<h3>Qu\u00e9 es el Formap?<\/h3>\r\n<div><\/div>\r\n<p align=\"justify\">herramienta colaborativa impulsada por La Troca, para<b> visualizar la oferta formativa por personas j\u00f3venes y adultas<\/b> en los barrios de Sants (Sants, Badal, Hostafrancs, Font de la Codorniz y La Bordeta).<\/p>\r\nPodr\u00e1s buscar y encontrar <b>informaci\u00f3n sobre los diferentes cursos y formaciones o talleres<\/b>. Tambi\u00e9n encontrar\u00e1s informaci\u00f3n sobre las entidades, servicios y escuelas que las ofrecen. Recogemos formaciones gratuitas o a precios asequibles ofertas por servicios p\u00fablicos, entidades sociales y de la econom\u00eda social y solidaria.\r\n<h3>Qu\u00e9 es la Mesa de educaci\u00f3n de personas adultas?<\/h3>\r\nEl \u00abForMap\u00bb nace en el marco de la Tabla de educaci\u00f3n de personas adultas, espacio de coordinaci\u00f3n de escuelas, entidades y servicios relacionados con la formaci\u00f3n de personas j\u00f3venes y adultas a los barrios de Sants.\r\n\r\nLa Mesa tiene entre sus objetivos la mejora de la visualizaci\u00f3n y la coordinaci\u00f3n de la oferta formativa en el territorio.\t\t\t\t\t\t\t\t<\/div>\n\t\t\t\t<\/div>\n\t\t\t\t\t<\/div>\n\t\t<\/div>\n\t\t\t\t\t<\/div>\n\t\t<\/section>\n\t\t\t\t<\/div>\n\t\t","protected":false},"excerpt":{"rendered":"<p>https:\/\/youtu.be\/gcW2IxT0mDc Qu\u00e9 es el Formap? herramienta colaborativa impulsada por La Troca, para visualizar la oferta formativa por personas j\u00f3venes y adultas en los barrios de Sants (Sants, Badal, Hostafrancs, Font de la Codorniz y La Bordeta). Podr\u00e1s buscar y encontrar informaci\u00f3n sobre los diferentes cursos y formaciones o talleres. Tambi\u00e9n encontrar\u00e1s informaci\u00f3n sobre las entidades, [&hellip;]<\/p>\n","protected":false},"author":24,"featured_media":0,"parent":0,"menu_order":0,"comment_status":"closed","ping_status":"closed","template":"","meta":{"footnotes":""},"class_list":["post-77096","page","type-page","status-publish","hentry"],"acf":[],"_links":{"self":[{"href":"https:\/\/formap.cat\/es\/wp-json\/wp\/v2\/pages\/77096","targetHints":{"allow":["GET"]}}],"collection":[{"href":"https:\/\/formap.cat\/es\/wp-json\/wp\/v2\/pages"}],"about":[{"href":"https:\/\/formap.cat\/es\/wp-json\/wp\/v2\/types\/page"}],"author":[{"embeddable":true,"href":"https:\/\/formap.cat\/es\/wp-json\/wp\/v2\/users\/24"}],"replies":[{"embeddable":true,"href":"https:\/\/formap.cat\/es\/wp-json\/wp\/v2\/comments?post=77096"}],"version-history":[{"count":2,"href":"https:\/\/formap.cat\/es\/wp-json\/wp\/v2\/pages\/77096\/revisions"}],"predecessor-version":[{"id":94863,"href":"https:\/\/formap.cat\/es\/wp-json\/wp\/v2\/pages\/77096\/revisions\/94863"}],"wp:attachment":[{"href":"https:\/\/formap.cat\/es\/wp-json\/wp\/v2\/media?parent=77096"}],"curies":[{"name":"wp","href":"https:\/\/api.w.org\/{rel}","templated":true}]}}